{"id":125,"date":"2019-07-06T17:02:25","date_gmt":"2019-07-06T17:02:25","guid":{"rendered":"http:\/\/alexandresilva.eu\/?page_id=125"},"modified":"2021-02-27T18:24:49","modified_gmt":"2021-02-27T18:24:49","slug":"privacy-policy","status":"publish","type":"page","link":"https:\/\/alexandresilva.eu\/pt\/privacy-policy\/","title":{"rendered":"POL\u00cdTICA DE PRIVACIDADE"},"content":{"rendered":"<p><span style=\"font-size: 25.92px; color: #333333;\">POL\u00cdTICA DE PRIVACIDADE<\/span><\/p>\n<header class=\"post-header\">\n<p><a href=\"http:\/\/alexandresilva.eu\/pt\/wpautoterms\/privacy-policy\/\"><time class=\"post-time\" datetime=\"2019-07-06T16:30:22+00:00\">6 DE JULHO 2021<\/time><\/a><\/p>\n<\/header>\n<section class=\"post-text\">\u00daltima atualiza\u00e7\u00e3o: 6 de julho, 2019ALEXANDRESILVA (&#034;n\u00f3s&#034;, &#034;n\u00f3s&#034; ou &#034;nosso&#034;) opera a ALEXANDRESILVA web site (&#034;Servi\u00e7o&#034;).\n<p>Esta p\u00e1gina informa-o das nossas pol\u00edticas em rela\u00e7\u00e3o \u00e0 coleta, uso e divulga\u00e7\u00e3o de Informa\u00e7\u00f5es Pessoais quando voc\u00ea usar o nosso Servi\u00e7o.<\/p>\n<p>N\u00f3s n\u00e3o vamos usar ou compartilhar suas informa\u00e7\u00f5es com terceiros, exceto conforme descrito nesta Pol\u00edtica de Privacidade.<\/p>\n<p>We use your Personal Information for providing and improving the Service. By using the Service, you agree to the collection and use of information in accordance with this policy. Unless otherwise defined in this Privacy Policy, terms used in this Privacy Policy have the same meanings as in our Terms and Conditions, accessible at http:\/\/alexandresilva.eu<\/p>\n<h2>Coleta E Uso De Informa\u00e7\u00f5es<\/h2>\n<p>Ao utilizar o nosso Servi\u00e7o, podemos solicitar que voc\u00ea nos forne\u00e7a certas informa\u00e7\u00f5es de identifica\u00e7\u00e3o pessoal que podem ser utilizadas para o contactar ou identific\u00e1-lo. Informa\u00e7\u00f5es de identifica\u00e7\u00e3o pessoal (&#034;Informa\u00e7\u00f5es Pessoais&#034;) pode incluir, mas n\u00e3o est\u00e1 limitado a:<\/p>\n<ul>\n<li>Nome<\/li>\n<li>Endere\u00e7o de e-mail<\/li>\n<li>N\u00famero de telefone<\/li>\n<li>Endere\u00e7o<\/li>\n<\/ul>\n<h2>Registo De Dados<\/h2>\n<p>N\u00f3s coletamos as informa\u00e7\u00f5es que o seu navegador envia sempre que visita o nosso Servi\u00e7o (&#034;Dados de Registo&#034;). Este Registo de Dados pode incluir informa\u00e7\u00f5es como o seu computador de Protocolo de Internet (&#034;IP&#034;), tipo de navegador, vers\u00e3o do navegador, as p\u00e1ginas do nosso Servi\u00e7o que voc\u00ea visita, a data e hora da sua visita, o tempo gasto nessas p\u00e1ginas e outras estat\u00edsticas.<\/p>\n<h2>Cookies<\/h2>\n<p>Os Cookies s\u00e3o ficheiros com pequena quantidade de dados, que podem incluir um identificador \u00fanico an\u00f3nimo. Os Cookies s\u00e3o enviados para o seu navegador a partir de um site da web e armazenado no disco r\u00edgido do seu computador.<\/p>\n<p>Utilizamos &#034;cookies&#034; para recolher informa\u00e7\u00f5es. Voc\u00ea pode instruir o seu navegador para recusar todos os cookies ou para indicar quando um cookie est\u00e1 sendo enviado. No entanto, se voc\u00ea n\u00e3o aceitar os cookies, poder\u00e1 n\u00e3o conseguir utilizar algumas partes do nosso Servi\u00e7o.<\/p>\n<h2>Prestadores De Servi\u00e7os<\/h2>\n<p>Poderemos contratar outras empresas e indiv\u00edduos para facilitar nosso Servi\u00e7o, para fornecer o Servi\u00e7o em nosso nome, para executar o Servi\u00e7o ou servi\u00e7os relacionados para nos ajudar a analisar como o nosso Servi\u00e7o \u00e9 utilizado.<\/p>\n<p>Estes terceiros t\u00eam acesso \u00e0s suas Informa\u00e7\u00f5es Pessoais apenas para executar essas tarefas em nosso nome e s\u00e3o obrigados a n\u00e3o divulgar ou utilizar para qualquer outro fim.<\/p>\n<h2>Seguran\u00e7a<\/h2>\n<p>A seguran\u00e7a de suas Informa\u00e7\u00f5es Pessoais \u00e9 importante para n\u00f3s, mas lembre-se que nenhum m\u00e9todo de transmiss\u00e3o pela Internet, ou m\u00e9todo de armazenamento eletr\u00f4nico \u00e9 100% seguro. Enquanto n\u00f3s nos esfor\u00e7amos para usar meios comercialmente aceit\u00e1veis para proteger suas Informa\u00e7\u00f5es Pessoais, n\u00e3o podemos garantir sua seguran\u00e7a absoluta.<\/p>\n<h2>Links Para Outros Sites<\/h2>\n<p>O nosso Servi\u00e7o pode conter links para outros sites que n\u00e3o s\u00e3o operados por n\u00f3s. Se voc\u00ea clicar em um link de terceiros, voc\u00ea ser\u00e1 direcionado para a terceira parte do site. N\u00f3s aconselhamos que voc\u00ea leia a Pol\u00edtica de Privacidade de cada site que voc\u00ea visita.<\/p>\n<p>N\u00f3s n\u00e3o temos controle sobre, e n\u00e3o assumimos nenhuma responsabilidade pelo conte\u00fado, pol\u00edticas de privacidade ou pr\u00e1ticas de sites de terceiros ou servi\u00e7os.<\/p>\n<h2>Privacidade de crian\u00e7as<\/h2>\n<p>O nosso Servi\u00e7o n\u00e3o se trata de qualquer pessoa sob a idade de 18 (&#034;Filhos&#034;).<\/p>\n<p>N\u00f3s n\u00e3o coletamos informa\u00e7\u00f5es pessoalmente identific\u00e1veis de crian\u00e7as menores de 18 anos. Se voc\u00ea \u00e9 um pai ou tutor e voc\u00ea est\u00e1 ciente de que o seu filho nos forneceu Informa\u00e7\u00f5es Pessoais, por favor contacte-nos. Se descobrirmos que uma crian\u00e7a com menos de 18 anos nos forneceu Informa\u00e7\u00f5es Pessoais, iremos deletar tais dados dos nossos servidores imediatamente.<\/p>\n<h2>Conformidade Com As Leis<\/h2>\n<p>Vamos divulgar suas Informa\u00e7\u00f5es Pessoais quando requerido por lei ou intima\u00e7\u00e3o.<\/p>\n<h2>Altera\u00e7\u00f5es Nesta Pol\u00edtica De Privacidade<\/h2>\n<p>Podemos atualizar nossa Pol\u00edtica de Privacidade de tempos em tempos. N\u00f3s vamos notific\u00e1-lo de quaisquer altera\u00e7\u00f5es a publica\u00e7\u00e3o da nova Pol\u00edtica de Privacidade nesta p\u00e1gina.<\/p>\n<p>Voc\u00ea s\u00e3o aconselhados a reler esta Pol\u00edtica de Privacidade periodicamente quaisquer altera\u00e7\u00f5es. Altera\u00e7\u00f5es nesta Pol\u00edtica de Privacidade s\u00e3o efetivas quando s\u00e3o publicadas nesta p\u00e1gina.<\/p>\n<h2>Contacte-Nos<\/h2>\n<p>Se voc\u00ea tiver quaisquer perguntas sobre esta Pol\u00edtica de Privacidade, por favor contacte-nos.<\/p>\n<\/section>","protected":false},"excerpt":{"rendered":"","protected":false},"author":1,"featured_media":0,"parent":0,"menu_order":0,"comment_status":"closed","ping_status":"closed","template":"","meta":{"_monsterinsights_skip_tracking":false,"_monsterinsights_sitenote_active":false,"_monsterinsights_sitenote_note":"","_monsterinsights_sitenote_category":0,"footnotes":""},"class_list":["post-125","page","type-page","status-publish","hentry"],"_links":{"self":[{"href":"https:\/\/alexandresilva.eu\/pt\/wp-json\/wp\/v2\/pages\/125","targetHints":{"allow":["GET"]}}],"collection":[{"href":"https:\/\/alexandresilva.eu\/pt\/wp-json\/wp\/v2\/pages"}],"about":[{"href":"https:\/\/alexandresilva.eu\/pt\/wp-json\/wp\/v2\/types\/page"}],"author":[{"embeddable":true,"href":"https:\/\/alexandresilva.eu\/pt\/wp-json\/wp\/v2\/users\/1"}],"replies":[{"embeddable":true,"href":"https:\/\/alexandresilva.eu\/pt\/wp-json\/wp\/v2\/comments?post=125"}],"version-history":[{"count":0,"href":"https:\/\/alexandresilva.eu\/pt\/wp-json\/wp\/v2\/pages\/125\/revisions"}],"wp:attachment":[{"href":"https:\/\/alexandresilva.eu\/pt\/wp-json\/wp\/v2\/media?parent=125"}],"curies":[{"name":"wp","href":"https:\/\/api.w.org\/{rel}","templated":true}]}}