{"id":122,"date":"2019-07-06T17:01:31","date_gmt":"2019-07-06T17:01:31","guid":{"rendered":"http:\/\/alexandresilva.eu\/?page_id=122"},"modified":"2021-02-27T18:25:11","modified_gmt":"2021-02-27T18:25:11","slug":"terms-and-conditions","status":"publish","type":"page","link":"https:\/\/alexandresilva.eu\/pt\/terms-and-conditions\/","title":{"rendered":"TERMOS E CONDI\u00c7\u00d5ES"},"content":{"rendered":"<p><span style=\"font-size: 25.92px; color: #333333;\">TERMOS E CONDI\u00c7\u00d5ES<\/span><\/p>\n<header class=\"post-header\">\n<p><a href=\"http:\/\/alexandresilva.eu\/pt\/wpautoterms\/terms-and-conditions\/\"><time class=\"post-time\" datetime=\"2019-07-06T16:31:17+00:00\">6 DE JULHO 2021<\/time><\/a><\/p>\n<\/header>\n<section class=\"post-text\">\u00daltima atualiza\u00e7\u00e3o: 6 de julho de 2021Por favor, leia estes Termos de Uso (\u201cTermos\u201d, \u201cTermos de Uso\u201d) cuidadosamente antes de usar o site http:\/\/alexandresilva.eu (o \u201cServi\u00e7o\u201d) operado pela ALEXANDRESILVA (\u201cn\u00f3s\u201d, \u201c n\u00f3s \u201dou\u201c nosso \u201d).\n<p>Seu acesso e uso do Servi\u00e7o est\u00e1 condicionado \u00e0 sua aceita\u00e7\u00e3o e cumprimento destes Termos. Estes Termos se aplicam a todos os visitantes, utilizadores e outros que acessar ou usar o Servi\u00e7o.<\/p>\n<p>Ao acessar ou usar o Servi\u00e7o, voc\u00ea concorda em ficar vinculado por estes Termos. Se voc\u00ea n\u00e3o concordar com qualquer parte destes termos e condi\u00e7\u00f5es, em seguida, voc\u00ea n\u00e3o poder\u00e1 acessar o Servi\u00e7o.<\/p>\n<h2>Contas<\/h2>\n<p>Quando voc\u00ea criar uma conta, voc\u00ea deve fornecer informa\u00e7\u00f5es precisas, completas e atualizadas em todos os momentos. N\u00e3o o fazer constitui uma viola\u00e7\u00e3o dos Termos, o que pode resultar na rescis\u00e3o imediata de sua conta em nosso Servi\u00e7o.<\/p>\n<p>Voc\u00ea \u00e9 respons\u00e1vel por proteger a senha que voc\u00ea usa para acessar o Servi\u00e7o e para quaisquer atividades ou a\u00e7\u00f5es sob sua senha, se a senha \u00e9 com o nosso Servi\u00e7o ou a servi\u00e7o de terceiros.<\/p>\n<p>Voc\u00ea concorda em n\u00e3o divulgar sua senha a terceiros. Voc\u00ea deve nos notificar imediatamente ao tomar conhecimento de qualquer viola\u00e7\u00e3o de seguran\u00e7a ou uso n\u00e3o autorizado de sua conta.<\/p>\n<h2>Propriedade Intelectual<\/h2>\n<p>O Servi\u00e7o e o seu conte\u00fado original, os recursos e a funcionalidade s\u00e3o e continuar\u00e3o a ser propriedade exclusiva da ALEXANDRESILVA e seus licenciadores.<\/p>\n<h2>Links Para Outros Web Sites<\/h2>\n<p>O nosso Servi\u00e7o pode conter links para web sites de terceiros ou servi\u00e7os que n\u00e3o s\u00e3o de propriedade ou controlados por ALEXANDRESILVA.<\/p>\n<p>ALEXANDRESILVA n\u00e3o tem controle, e n\u00e3o assume nenhuma responsabilidade pelo conte\u00fado, pol\u00edticas de privacidade ou pr\u00e1ticas de qualquer web sites de terceiros ou servi\u00e7os. Al\u00e9m disso, voc\u00ea reconhece e concorda que ALEXANDRESILVA n\u00e3o ser\u00e1 respons\u00e1vel, direta ou indiretamente, por qualquer dano ou perda causados ou alegadamente causados por ou em conex\u00e3o com o uso ou confian\u00e7a em tais conte\u00fados, bens ou servi\u00e7os dispon\u00edveis no ou atrav\u00e9s de tais sites ou servi\u00e7os.<\/p>\n<p>N\u00f3s aconselhamos voc\u00ea a ler os termos e condi\u00e7\u00f5es e pol\u00edticas de privacidade de quaisquer sites de terceiros ou servi\u00e7os que voc\u00ea visita.<\/p>\n<h2>Encerramento<\/h2>\n<p>Podemos cancelar ou suspender o acesso ao nosso Servi\u00e7o de imediato, sem aviso pr\u00e9vio ou responsabilidade, por qualquer motivo, incluindo, sem limita\u00e7\u00e3o, se voc\u00ea violar os Termos.<\/p>\n<p>Todas as disposi\u00e7\u00f5es dos Termos, que por sua natureza devem sobreviver a rescis\u00e3o ap\u00f3s a rescis\u00e3o, incluindo, sem limita\u00e7\u00e3o, disposi\u00e7\u00f5es de propriedade, isen\u00e7\u00f5es de garantia, indeniza\u00e7\u00e3o e limita\u00e7\u00f5es de responsabilidade.<\/p>\n<p>Podemos cancelar ou suspender sua conta imediatamente, sem aviso pr\u00e9vio ou responsabilidade, por qualquer motivo, incluindo, sem limita\u00e7\u00e3o, se voc\u00ea violar os Termos.<\/p>\n<p>Ap\u00f3s o t\u00e9rmino, o seu direito de usar o Servi\u00e7o cessar\u00e1 imediatamente. Se voc\u00ea quiser encerrar a sua conta, voc\u00ea pode simplesmente interromper o uso do Servi\u00e7o.<\/p>\n<p>Todas as disposi\u00e7\u00f5es dos Termos, que por sua natureza devem sobreviver a rescis\u00e3o ap\u00f3s a rescis\u00e3o, incluindo, sem limita\u00e7\u00e3o, disposi\u00e7\u00f5es de propriedade, isen\u00e7\u00f5es de garantia, indeniza\u00e7\u00e3o e limita\u00e7\u00f5es de responsabilidade.<\/p>\n<h2>Isen\u00e7\u00e3o de responsabilidade<\/h2>\n<p>Seu uso do Servi\u00e7o \u00e9 por sua conta e risco. O Servi\u00e7o \u00e9 fornecido &#034;COMO EST\u00c1&#034; e &#034;COMO DISPON\u00cdVEL&#034;. O Servi\u00e7o \u00e9 fornecido sem garantias de qualquer tipo, expressas ou impl\u00edcitas, incluindo, mas n\u00e3o limitado a, garantias impl\u00edcitas de comercializa\u00e7\u00e3o, adequa\u00e7\u00e3o a uma finalidade espec\u00edfica, n\u00e3o-viola\u00e7\u00e3o ou curso de desempenho.<\/p>\n<h2>Legisla\u00e7\u00e3o Aplic\u00e1vel<\/h2>\n<p>Estes Termos devem ser regidos e interpretados de acordo com as leis de Portugal, sem considera\u00e7\u00e3o com seu conflito \u00e0s disposi\u00e7\u00f5es da lei.<\/p>\n<p>Nossa falha em cumprir qualquer direito ou disposi\u00e7\u00e3o destes Termos n\u00e3o ser\u00e1 considerada uma ren\u00fancia a esses direitos. Se qualquer disposi\u00e7\u00e3o destes Termos for considerada inv\u00e1lida ou inexequ\u00edvel por um tribunal competente, as restantes disposi\u00e7\u00f5es destes Termos continuar\u00e3o em vigor. Estes Termos constituem a totalidade do acordo entre n\u00f3s sobre o nosso Servi\u00e7o, e cancelam e substituem quaisquer acordos pr\u00e9vios que possamos ter entre n\u00f3s sobre o Servi\u00e7o.<\/p>\n<h2>Altera\u00e7\u00f5es<\/h2>\n<p>Reservamo-nos o direito, a nosso exclusivo crit\u00e9rio, modificar ou substituir estes Termos a qualquer momento. Se uma revis\u00e3o do material, vamos tentar fornecer, no m\u00ednimo, 30 dias de anteced\u00eancia em rela\u00e7\u00e3o a quaisquer novos termos de produ\u00e7\u00e3o de efeitos. O que constitui uma altera\u00e7\u00e3o material ser\u00e1 determinada a nosso exclusivo crit\u00e9rio.<\/p>\n<p>Ao continuar a aceder ou utilizar o nosso Servi\u00e7o ap\u00f3s as revis\u00f5es se tornar eficaz, voc\u00ea concorda em estar vinculado pelos termos revisados. Se voc\u00ea n\u00e3o concordar com os novos termos, por favor, parar de usar o Servi\u00e7o.<\/p>\n<h2>Contacte-Nos<\/h2>\n<p>Se voc\u00ea tiver alguma d\u00favida sobre estes Termos, por favor contacte-nos.<\/p>\n<\/section>","protected":false},"excerpt":{"rendered":"","protected":false},"author":1,"featured_media":0,"parent":0,"menu_order":0,"comment_status":"closed","ping_status":"closed","template":"","meta":{"_monsterinsights_skip_tracking":false,"_monsterinsights_sitenote_active":false,"_monsterinsights_sitenote_note":"","_monsterinsights_sitenote_category":0,"footnotes":""},"class_list":["post-122","page","type-page","status-publish","hentry"],"_links":{"self":[{"href":"https:\/\/alexandresilva.eu\/pt\/wp-json\/wp\/v2\/pages\/122","targetHints":{"allow":["GET"]}}],"collection":[{"href":"https:\/\/alexandresilva.eu\/pt\/wp-json\/wp\/v2\/pages"}],"about":[{"href":"https:\/\/alexandresilva.eu\/pt\/wp-json\/wp\/v2\/types\/page"}],"author":[{"embeddable":true,"href":"https:\/\/alexandresilva.eu\/pt\/wp-json\/wp\/v2\/users\/1"}],"replies":[{"embeddable":true,"href":"https:\/\/alexandresilva.eu\/pt\/wp-json\/wp\/v2\/comments?post=122"}],"version-history":[{"count":0,"href":"https:\/\/alexandresilva.eu\/pt\/wp-json\/wp\/v2\/pages\/122\/revisions"}],"wp:attachment":[{"href":"https:\/\/alexandresilva.eu\/pt\/wp-json\/wp\/v2\/media?parent=122"}],"curies":[{"name":"wp","href":"https:\/\/api.w.org\/{rel}","templated":true}]}}